{"id":459,"date":"2022-01-23T15:44:43","date_gmt":"2022-01-23T14:44:43","guid":{"rendered":"https:\/\/jazz.pm-advokatfirma.dk\/om-os\/"},"modified":"2023-11-19T21:26:12","modified_gmt":"2023-11-19T20:26:12","slug":"om-os","status":"publish","type":"page","link":"https:\/\/the13club.de\/da\/om-os\/","title":{"rendered":"Om os"},"content":{"rendered":"<div class=\"wpb-content-wrapper\"><p>[vc_row unlock_row_content=&#8221;yes&#8221; row_height_percent=&#8221;0&#8243; override_padding=&#8221;yes&#8221; h_padding=&#8221;5&#8243; top_padding=&#8221;5&#8243; bottom_padding=&#8221;5&#8243; back_color=&#8221;accent&#8221; back_image=&#8221;1956&#8243; parallax=&#8221;yes&#8221; overlay_color=&#8221;color-jevc&#8221; overlay_alpha=&#8221;75&#8243; gutter_size=&#8221;0&#8243; column_width_percent=&#8221;100&#8243; shift_y=&#8221;0&#8243; z_index=&#8221;0&#8243; el_class=&#8221;inverted-device-order&#8221; uncode_shortcode_id=&#8221;108259&#8243; back_color_type=&#8221;uncode-palette&#8221; overlay_color_type=&#8221;uncode-palette&#8221;][vc_column column_width_percent=&#8221;100&#8243; position_vertical=&#8221;middle&#8221; gutter_size=&#8221;3&#8243; style=&#8221;light&#8221; overlay_alpha=&#8221;50&#8243; shift_x=&#8221;0&#8243; shift_y=&#8221;0&#8243; shift_y_down=&#8221;0&#8243; z_index=&#8221;2&#8243; medium_width=&#8221;0&#8243; mobile_width=&#8221;0&#8243; width=&#8221;2\/3&#8243; uncode_shortcode_id=&#8221;861896&#8243; css=&#8221;.vc_custom_1648812538608{padding-top: 20px !important;}&#8221;][vc_custom_heading text_color=&#8221;color-vyce&#8221; heading_semantic=&#8221;h1&#8243; text_font=&#8221;font-193115&#8243; text_transform=&#8221;uppercase&#8221; uncode_shortcode_id=&#8221;158638&#8243; text_color_type=&#8221;uncode-palette&#8221;]Om os[\/vc_custom_heading][vc_empty_space empty_h=&#8221;2&#8243;][vc_custom_heading text_size=&#8221;h3&#8243; separator=&#8221;yes&#8221; separator_color=&#8221;yes&#8221; sub_lead=&#8221;yes&#8221; uncode_shortcode_id=&#8221;182596&#8243; subheading=&#8221;(George Gershwin)&#8221;]\u201cLife is a lot like Jazz: It\u2019s best when you improvise.[\/vc_custom_heading][\/vc_column][vc_column column_width_percent=&#8221;100&#8243; position_vertical=&#8221;middle&#8221; gutter_size=&#8221;3&#8243; overlay_alpha=&#8221;50&#8243; shift_x=&#8221;0&#8243; shift_y=&#8221;0&#8243; shift_y_down=&#8221;0&#8243; z_index=&#8221;0&#8243; medium_width=&#8221;0&#8243; mobile_width=&#8221;0&#8243; width=&#8221;1\/3&#8243; uncode_shortcode_id=&#8221;816346&#8243;][vc_single_image media=&#8221;2040&#8243; media_width_percent=&#8221;100&#8243; media_ratio=&#8221;one-one&#8221; shape=&#8221;img-circle&#8221; shadow=&#8221;yes&#8221; shadow_weight=&#8221;lg&#8221; shadow_darker=&#8221;yes&#8221; uncode_shortcode_id=&#8221;436300&#8243;][\/vc_column][\/vc_row][vc_row][vc_column width=&#8221;2\/3&#8243;][vc_custom_heading text_color=&#8221;color-vyce&#8221; text_font=&#8221;font-555555&#8243; uncode_shortcode_id=&#8221;209233&#8243; text_color_type=&#8221;uncode-palette&#8221;]Velkommen til.[\/vc_custom_heading][vc_column_text uncode_shortcode_id=&#8221;204696&#8243;]Vi er ikke en klassisk jazzklub. Snarere et s\u00e6rligt eksklusivt sted for jazzarrangementer af h\u00f8j kaliber, som ellers huser et advokatfirma og en m\u00e6glervirksomhed. Et businesscenter er hjemme her, og b\u00e5de forretningsfolk, kunstnere og andre frie \u00e5nder m\u00f8des her til daglig. Patrick Mader, grundl\u00e6ggeren og ejeren af dette forretningskompleks, kunne vinde sin gamle ven Chris Hopkins for ideen om et &#8220;Speak Easy&#8221; under \u00e5ben himmel.<\/p>\n<p>Chris Hopkins, der er lige s\u00e5 dygtig p\u00e5 klaver som p\u00e5 altsaxofon, er en af de mest travle kunstnere p\u00e5 den internationale jazzscene. I flere \u00e5rtier har han nu pr\u00e6senteret livlig, melodisk jazzmusik oversat til en moderne form med et st\u00e6rkt, personligt musikalsk sprog, der kombinerer kunstnerisk kvalitet med sofistikeret underholdning og begejstrer b\u00e5de kritikere og publikum.<\/p>\n<p>Sidst, men ikke mindst, er han blevet s\u00e6rlig ber\u00f8mt som leder af ensemblet &#8220;Echoes of Swing&#8221;, som har haft succes i mere end 20 \u00e5r med u\u00e6ndret bes\u00e6tning og har opn\u00e5et international anerkendelse for sin innovative tilgang til jazztraditionen.<\/p>\n<p>Hamburger Abendblatt skrev engang om Chris Hopkins og hans musikerkollegaer: &#8220;Glad musik for v\u00e5gne lyttere &#8230; Det er sv\u00e6rt at tro, men denne musik, raffineret i sine arrangementer, elegant, afslappet og sj\u00e6lfuldt spillet, har det, der skal til for at g\u00f8re fans af g\u00e5rsdagens jazz lige s\u00e5 glade som fans af morgendagens jazz.&#8221;<\/p>\n<p>Patrick Mader som Art Director og Chris Hopkins som Artist in Residence \u00f8nsker jer meget gl\u00e6de ved ekstraordin\u00e6re koncerter, som regelm\u00e6ssigt vil finde sted![\/vc_column_text][\/vc_column][\/vc_row]<\/p>\n<\/div>","protected":false},"excerpt":{"rendered":"<p>[vc_row unlock_row_content=&#8221;yes&#8221; row_height_percent=&#8221;0&#8243; override_padding=&#8221;yes&#8221; h_padding=&#8221;5&#8243; top_padding=&#8221;5&#8243; bottom_padding=&#8221;5&#8243; back_color=&#8221;accent&#8221; back_image=&#8221;1956&#8243; parallax=&#8221;yes&#8221; overlay_color=&#8221;color-jevc&#8221; overlay_alpha=&#8221;75&#8243; gutter_size=&#8221;0&#8243; column_width_percent=&#8221;100&#8243; shift_y=&#8221;0&#8243; z_index=&#8221;0&#8243; el_class=&#8221;inverted-device-order&#8221; uncode_shortcode_id=&#8221;108259&#8243; back_color_type=&#8221;uncode-palette&#8221; overlay_color_type=&#8221;uncode-palette&#8221;][vc_column [&hellip;]<\/p>\n","protected":false},"author":1,"featured_media":2038,"parent":0,"menu_order":1,"comment_status":"closed","ping_status":"closed","template":"","meta":{"footnotes":""},"class_list":["post-459","page","type-page","status-publish","has-post-thumbnail","hentry","page_category-home-da"],"_links":{"self":[{"href":"https:\/\/the13club.de\/da\/wp-json\/wp\/v2\/pages\/459"}],"collection":[{"href":"https:\/\/the13club.de\/da\/wp-json\/wp\/v2\/pages"}],"about":[{"href":"https:\/\/the13club.de\/da\/wp-json\/wp\/v2\/types\/page"}],"author":[{"embeddable":true,"href":"https:\/\/the13club.de\/da\/wp-json\/wp\/v2\/users\/1"}],"replies":[{"embeddable":true,"href":"https:\/\/the13club.de\/da\/wp-json\/wp\/v2\/comments?post=459"}],"version-history":[{"count":44,"href":"https:\/\/the13club.de\/da\/wp-json\/wp\/v2\/pages\/459\/revisions"}],"predecessor-version":[{"id":2163,"href":"https:\/\/the13club.de\/da\/wp-json\/wp\/v2\/pages\/459\/revisions\/2163"}],"wp:featuredmedia":[{"embeddable":true,"href":"https:\/\/the13club.de\/da\/wp-json\/wp\/v2\/media\/2038"}],"wp:attachment":[{"href":"https:\/\/the13club.de\/da\/wp-json\/wp\/v2\/media?parent=459"}],"curies":[{"name":"wp","href":"https:\/\/api.w.org\/{rel}","templated":true}]}}